{"id":46,"date":"2020-08-18T18:45:37","date_gmt":"2020-08-18T16:45:37","guid":{"rendered":"https:\/\/www.notensatz-schlesinger.de\/?page_id=46"},"modified":"2020-09-22T10:14:04","modified_gmt":"2020-09-22T08:14:04","slug":"brainware","status":"publish","type":"page","link":"https:\/\/www.notensatz-schlesinger.de\/?page_id=46","title":{"rendered":"Brainware"},"content":{"rendered":"\n<p><strong>Ausbildung<\/strong><\/p>\n\n\n\n<p>Meine Ausbildung zum aus\u00fcbenden Musiker, die jahrelange T\u00e4tigkeit auf der B\u00fchne und im Konzertsaal, meine \u00fcber 30-ig j\u00e4hrige p\u00e4dagogische T\u00e4tigkeit, meine Berufserfahrung als Leiter div. Orchester, (auch Tanzorchester), umfangreiches Arrangieren verschiedenster Partituren und meine Begeisterung f\u00fcr neue technische Medien sind ideale Voraussetzungen, Produkte anzubieten die handwerklich und k\u00fcnstlerisch au\u00dfergew\u00f6hnlich sind.<\/p>\n\n\n\n<p><strong>F\u00fcr den Druck<\/strong><\/p>\n\n\n\n<p>Handgeschriebene Vorlagen werden auf dem Computer geschrieben druckfertig bearbeitet. Die Gestaltung des Notensatzes und die k\u00fcnstlerische Gestaltung des Layoutes, entsprechend den Profilen der Auftraggeber, ist neben der technisch perfekten Arbeit herausragende Aufgabe. Stimmausz\u00fcge werden in unterschiedlichen Formaten angeboten und sind immer inklusive bei Orchesterpartituren. Die fertigen Dateien werden auf elektronischem Wege an die entsprechenden Kunden geschickt und k\u00f6nnen dort direkt in den Druck gehen. Von Notensatz Schlesinger werden auch komplette B\u00fccher mit Text, Bildern und Noten gestaltet.<\/p>\n\n\n\n<p><strong>F\u00fcr Show, B\u00fchne und Film<\/strong><\/p>\n\n\n\n<p>Die Bearbeitung vorhandener Noten wie oben beschrieben ist nur ein Teil der Aufgaben: Mittels vorhandener Software werden<br>-f\u00fcr Internetpr\u00e4senzen multimediale Aktionen zur Verf\u00fcgung gestellt,<br>-f\u00fcr B\u00fchnenauftritte fertige Dateien zur Midi-Peripherie geliefert,<br>-f\u00fcr Filme Tonbearbeitung und Gestaltung gemacht,<br>-f\u00fcr Ch\u00f6re und Orchester Partituren und dazugeh\u00f6rige Sound Dateien hergestellt werden, so dass einzelne Stimmen zu \u00dcbungszwecken jederzeit ein- und ausgeblendet werden k\u00f6nnen.<\/p>\n","protected":false},"excerpt":{"rendered":"<p>Ausbildung Meine Ausbildung zum aus\u00fcbenden Musiker, die jahrelange T\u00e4tigkeit auf der B\u00fchne und im Konzertsaal, meine \u00fcber 30-ig j\u00e4hrige p\u00e4dagogische T\u00e4tigkeit, meine Berufserfahrung als Leiter div. Orchester, (auch Tanzorchester), umfangreiches Arrangieren verschiedenster Partituren und meine Begeisterung f\u00fcr neue technische Medien sind ideale Voraussetzungen, Produkte anzubieten die handwerklich und k\u00fcnstlerisch au\u00dfergew\u00f6hnlich sind. F\u00fcr den Druck Handgeschriebene &hellip; <\/p>\n<p class=\"link-more\"><a href=\"https:\/\/www.notensatz-schlesinger.de\/?page_id=46\" class=\"more-link\"><span class=\"screen-reader-text\">\u201eBrainware\u201c<\/span> weiterlesen<\/a><\/p>\n","protected":false},"author":2,"featured_media":0,"parent":2,"menu_order":0,"comment_status":"closed","ping_status":"closed","template":"","meta":[],"_links":{"self":[{"href":"https:\/\/www.notensatz-schlesinger.de\/index.php?rest_route=\/wp\/v2\/pages\/46"}],"collection":[{"href":"https:\/\/www.notensatz-schlesinger.de\/index.php?rest_route=\/wp\/v2\/pages"}],"about":[{"href":"https:\/\/www.notensatz-schlesinger.de\/index.php?rest_route=\/wp\/v2\/types\/page"}],"author":[{"embeddable":true,"href":"https:\/\/www.notensatz-schlesinger.de\/index.php?rest_route=\/wp\/v2\/users\/2"}],"replies":[{"embeddable":true,"href":"https:\/\/www.notensatz-schlesinger.de\/index.php?rest_route=%2Fwp%2Fv2%2Fcomments&post=46"}],"version-history":[{"count":4,"href":"https:\/\/www.notensatz-schlesinger.de\/index.php?rest_route=\/wp\/v2\/pages\/46\/revisions"}],"predecessor-version":[{"id":178,"href":"https:\/\/www.notensatz-schlesinger.de\/index.php?rest_route=\/wp\/v2\/pages\/46\/revisions\/178"}],"up":[{"embeddable":true,"href":"https:\/\/www.notensatz-schlesinger.de\/index.php?rest_route=\/wp\/v2\/pages\/2"}],"wp:attachment":[{"href":"https:\/\/www.notensatz-schlesinger.de\/index.php?rest_route=%2Fwp%2Fv2%2Fmedia&parent=46"}],"curies":[{"name":"wp","href":"https:\/\/api.w.org\/{rel}","templated":true}]}}