{"id":34,"date":"2020-08-18T14:31:03","date_gmt":"2020-08-18T12:31:03","guid":{"rendered":"https:\/\/www.notensatz-schlesinger.de\/?page_id=34"},"modified":"2020-08-19T11:48:57","modified_gmt":"2020-08-19T09:48:57","slug":"referenzen","status":"publish","type":"page","link":"https:\/\/www.notensatz-schlesinger.de\/?page_id=34","title":{"rendered":"Referenz(en)"},"content":{"rendered":"\n<p><strong><a href=\"https:\/\/partitura-verlag.de\" target=\"_blank\" rel=\"noreferrer noopener\">Partitura Verlag<\/a><\/strong><\/p>\n\n\n\n<p><strong>Prof. Dr. Neithard Bethke<\/strong><\/p>\n\n\n\n<p><strong>Verlag Merseburger<\/strong><\/p>\n\n\n\n<p><strong>Sikorski (Verlag)<\/strong><\/p>\n\n\n\n<p><strong>Verlag an der Ruhr<\/strong><\/p>\n\n\n\n<p><strong>Give Publishing<\/strong><\/p>\n\n\n\n<p><strong>Verlag Exit4<\/strong><\/p>\n\n\n\n<p><strong>Das Heidelberger Salon Ensemble<\/strong><\/p>\n\n\n\n<p><strong>Wolfgang W\u00fcnsch<\/strong> <\/p>\n\n\n\n<p><strong>Joschi Schumann<\/strong><\/p>\n\n\n\n<p><strong>Die Freie Waldorfschule L\u00fcbeck<\/strong><\/p>\n\n\n\n<p><strong>Thilo Plaesser und der Pfau Verlag<\/strong><\/p>\n\n\n\n<p><strong>Ensemble Resonanz<\/strong><\/p>\n\n\n\n<p><strong>Furore Verlag<\/strong><\/p>\n\n\n\n<p><strong>Verlag Edition Zwischent\u00f6ne<\/strong><\/p>\n\n\n\n<p><strong>Fortunat Fr\u00f6lich<\/strong><\/p>\n\n\n\n<p><strong>Verlag Freies Geistesleben<\/strong><\/p>\n\n\n\n<p>und viele andere<\/p>\n","protected":false},"excerpt":{"rendered":"<p>Partitura Verlag Prof. Dr. Neithard Bethke Verlag Merseburger Sikorski (Verlag) Verlag an der Ruhr Give Publishing Verlag Exit4 Das Heidelberger Salon Ensemble Wolfgang W\u00fcnsch Joschi Schumann Die Freie Waldorfschule L\u00fcbeck Thilo Plaesser und der Pfau Verlag Ensemble Resonanz Furore Verlag Verlag Edition Zwischent\u00f6ne Fortunat Fr\u00f6lich Verlag Freies Geistesleben und viele andere<\/p>\n","protected":false},"author":2,"featured_media":109,"parent":2,"menu_order":0,"comment_status":"closed","ping_status":"closed","template":"","meta":[],"_links":{"self":[{"href":"https:\/\/www.notensatz-schlesinger.de\/index.php?rest_route=\/wp\/v2\/pages\/34"}],"collection":[{"href":"https:\/\/www.notensatz-schlesinger.de\/index.php?rest_route=\/wp\/v2\/pages"}],"about":[{"href":"https:\/\/www.notensatz-schlesinger.de\/index.php?rest_route=\/wp\/v2\/types\/page"}],"author":[{"embeddable":true,"href":"https:\/\/www.notensatz-schlesinger.de\/index.php?rest_route=\/wp\/v2\/users\/2"}],"replies":[{"embeddable":true,"href":"https:\/\/www.notensatz-schlesinger.de\/index.php?rest_route=%2Fwp%2Fv2%2Fcomments&post=34"}],"version-history":[{"count":4,"href":"https:\/\/www.notensatz-schlesinger.de\/index.php?rest_route=\/wp\/v2\/pages\/34\/revisions"}],"predecessor-version":[{"id":166,"href":"https:\/\/www.notensatz-schlesinger.de\/index.php?rest_route=\/wp\/v2\/pages\/34\/revisions\/166"}],"up":[{"embeddable":true,"href":"https:\/\/www.notensatz-schlesinger.de\/index.php?rest_route=\/wp\/v2\/pages\/2"}],"wp:featuredmedia":[{"embeddable":true,"href":"https:\/\/www.notensatz-schlesinger.de\/index.php?rest_route=\/wp\/v2\/media\/109"}],"wp:attachment":[{"href":"https:\/\/www.notensatz-schlesinger.de\/index.php?rest_route=%2Fwp%2Fv2%2Fmedia&parent=34"}],"curies":[{"name":"wp","href":"https:\/\/api.w.org\/{rel}","templated":true}]}}